{"id":403,"date":"2025-10-08T11:14:49","date_gmt":"2025-10-08T10:14:49","guid":{"rendered":"https:\/\/flowfast.nl\/?page_id=403"},"modified":"2025-10-08T11:15:38","modified_gmt":"2025-10-08T10:15:38","slug":"diensten","status":"publish","type":"page","link":"https:\/\/flowfast.nl\/en\/diensten\/","title":{"rendered":"Services"},"content":{"rendered":"<p>Bedrijven groeien sneller dan hun processen meebewegen. Systemen raken vol, overlegmomenten stapelen zich op, en wat ooit soepel liep, begint te haperen. De operatie draait \u2014 maar het kost steeds meer energie.<\/p>\n\n\n\n<p>FlowFast helpt organisaties om die flow terug te brengen. Door structuur aan te brengen, inzicht te cre\u00ebren en teams weer in \u00e9\u00e9n ritme te laten werken. Soms betekent dat tijdelijk leiderschap, soms een scherp projectplan, soms helderheid uit data.<\/p>\n\n\n\n<p>Of het nu gaat om projectmanagement, interim-ondersteuning, data-analyse, simulatie of een fractional COO-rol \u2014 elke dienst heeft hetzelfde doel: helderheid scheppen, rust brengen en de keten weer laten stromen.<\/p>\n\n\n\n<div class=\"wp-block-columns is-layout-flex wp-container-core-columns-is-layout-9d6595d7 wp-block-columns-is-layout-flex\">\n<div class=\"wp-block-column is-layout-flow wp-block-column-is-layout-flow\">\n<div class=\"wp-block-cover\"><img loading=\"lazy\" decoding=\"async\" width=\"1024\" height=\"1024\" class=\"wp-block-cover__image-background wp-image-290\" alt=\"\" src=\"http:\/\/flowfast.nl\/wp-content\/uploads\/2025\/04\/cogs.png\" style=\"object-position:68% 45%\" data-object-fit=\"cover\" data-object-position=\"68% 45%\" srcset=\"https:\/\/flowfast.nl\/wp-content\/uploads\/2025\/04\/cogs.png 1024w, https:\/\/flowfast.nl\/wp-content\/uploads\/2025\/04\/cogs-300x300.png 300w, https:\/\/flowfast.nl\/wp-content\/uploads\/2025\/04\/cogs-150x150.png 150w, https:\/\/flowfast.nl\/wp-content\/uploads\/2025\/04\/cogs-768x768.png 768w, https:\/\/flowfast.nl\/wp-content\/uploads\/2025\/04\/cogs-12x12.png 12w\" sizes=\"auto, (max-width: 1024px) 100vw, 1024px\" \/><span aria-hidden=\"true\" class=\"wp-block-cover__background has-background-dim\"><\/span><div class=\"wp-block-cover__inner-container is-layout-flow wp-block-cover-is-layout-flow\">\n<div class=\"wp-block-buttons is-content-justification-center is-layout-flex wp-container-core-buttons-is-layout-16018d1d wp-block-buttons-is-layout-flex\">\n<div class=\"wp-block-button is-style-fill\"><a class=\"wp-block-button__link wp-element-button\">Project Management<\/a><\/div>\n<\/div>\n<\/div><\/div>\n<\/div>\n\n\n\n<div class=\"wp-block-column is-layout-flow wp-block-column-is-layout-flow\"><\/div>\n\n\n\n<div class=\"wp-block-column is-layout-flow wp-block-column-is-layout-flow\"><\/div>\n<\/div>\n\n\n\n<div class=\"wp-block-columns is-layout-flex wp-container-core-columns-is-layout-9d6595d7 wp-block-columns-is-layout-flex\">\n<div class=\"wp-block-column is-layout-flow wp-block-column-is-layout-flow\"><\/div>\n\n\n\n<div class=\"wp-block-column is-layout-flow wp-block-column-is-layout-flow\"><\/div>\n<\/div>\n\n\n\n<p>Benieuwd in welke branches Flowfast actief is? Kijk dan op de branchepagina. <\/p>\n\n\n\n<p><\/p>","protected":false},"excerpt":{"rendered":"<p>Bedrijven groeien sneller dan hun processen meebewegen. Systemen raken vol, overlegmomenten stapelen zich op, en wat ooit soepel liep, begint te haperen. De operatie draait \u2014 maar het kost steeds meer energie. FlowFast helpt organisaties om die flow terug te brengen. Door structuur aan te brengen, inzicht te cre\u00ebren en teams weer in \u00e9\u00e9n ritme&hellip; <a class=\"more-link\" href=\"https:\/\/flowfast.nl\/en\/diensten\/\">Continue reading <span class=\"screen-reader-text\">Services<\/span><\/a><\/p>","protected":false},"author":2,"featured_media":0,"parent":0,"menu_order":0,"comment_status":"closed","ping_status":"closed","template":"","meta":{"om_disable_all_campaigns":false,"_monsterinsights_skip_tracking":false,"_monsterinsights_sitenote_active":false,"_monsterinsights_sitenote_note":"","_monsterinsights_sitenote_category":0,"footnotes":""},"class_list":["post-403","page","type-page","status-publish","hentry","entry"],"yoast_head":"<!-- This site is optimized with the Yoast SEO plugin v26.9 - https:\/\/yoast.com\/product\/yoast-seo-wordpress\/ -->\n<title>Diensten - FlowFast<\/title>\n<meta name=\"robots\" content=\"index, follow, max-snippet:-1, max-image-preview:large, max-video-preview:-1\" \/>\n<link rel=\"canonical\" href=\"https:\/\/flowfast.nl\/en\/diensten\/\" \/>\n<meta property=\"og:locale\" content=\"en_US\" \/>\n<meta property=\"og:type\" content=\"article\" \/>\n<meta property=\"og:title\" content=\"Diensten - FlowFast\" \/>\n<meta property=\"og:description\" content=\"Bedrijven groeien sneller dan hun processen meebewegen. Systemen raken vol, overlegmomenten stapelen zich op, en wat ooit soepel liep, begint te haperen. De operatie draait \u2014 maar het kost steeds meer energie. FlowFast helpt organisaties om die flow terug te brengen. Door structuur aan te brengen, inzicht te cre\u00ebren en teams weer in \u00e9\u00e9n ritme&hellip; Continue reading Diensten\" \/>\n<meta property=\"og:url\" content=\"https:\/\/flowfast.nl\/en\/diensten\/\" \/>\n<meta property=\"og:site_name\" content=\"FlowFast\" \/>\n<meta property=\"article:modified_time\" content=\"2025-10-08T10:15:38+00:00\" \/>\n<meta property=\"og:image\" content=\"https:\/\/flowfast.nl\/wp-content\/uploads\/2025\/04\/cogs.png\" \/>\n\t<meta property=\"og:image:width\" content=\"1024\" \/>\n\t<meta property=\"og:image:height\" content=\"1024\" \/>\n\t<meta property=\"og:image:type\" content=\"image\/png\" \/>\n<meta name=\"twitter:card\" content=\"summary_large_image\" \/>\n<meta name=\"twitter:label1\" content=\"Est. reading time\" \/>\n\t<meta name=\"twitter:data1\" content=\"1 minute\" \/>\n<script type=\"application\/ld+json\" class=\"yoast-schema-graph\">{\"@context\":\"https:\/\/schema.org\",\"@graph\":[{\"@type\":\"WebPage\",\"@id\":\"https:\/\/flowfast.nl\/diensten\/\",\"url\":\"https:\/\/flowfast.nl\/diensten\/\",\"name\":\"Diensten - FlowFast\",\"isPartOf\":{\"@id\":\"https:\/\/flowfast.nl\/#website\"},\"primaryImageOfPage\":{\"@id\":\"https:\/\/flowfast.nl\/diensten\/#primaryimage\"},\"image\":{\"@id\":\"https:\/\/flowfast.nl\/diensten\/#primaryimage\"},\"thumbnailUrl\":\"http:\/\/flowfast.nl\/wp-content\/uploads\/2025\/04\/cogs.png\",\"datePublished\":\"2025-10-08T10:14:49+00:00\",\"dateModified\":\"2025-10-08T10:15:38+00:00\",\"breadcrumb\":{\"@id\":\"https:\/\/flowfast.nl\/diensten\/#breadcrumb\"},\"inLanguage\":\"en-US\",\"potentialAction\":[{\"@type\":\"ReadAction\",\"target\":[\"https:\/\/flowfast.nl\/diensten\/\"]}]},{\"@type\":\"ImageObject\",\"inLanguage\":\"en-US\",\"@id\":\"https:\/\/flowfast.nl\/diensten\/#primaryimage\",\"url\":\"http:\/\/flowfast.nl\/wp-content\/uploads\/2025\/04\/cogs.png\",\"contentUrl\":\"http:\/\/flowfast.nl\/wp-content\/uploads\/2025\/04\/cogs.png\"},{\"@type\":\"BreadcrumbList\",\"@id\":\"https:\/\/flowfast.nl\/diensten\/#breadcrumb\",\"itemListElement\":[{\"@type\":\"ListItem\",\"position\":1,\"name\":\"Home\",\"item\":\"https:\/\/flowfast.nl\/\"},{\"@type\":\"ListItem\",\"position\":2,\"name\":\"Diensten\"}]},{\"@type\":\"WebSite\",\"@id\":\"https:\/\/flowfast.nl\/#website\",\"url\":\"https:\/\/flowfast.nl\/\",\"name\":\"FlowFast Supply Chain - Advies en Projectmanagement\",\"description\":\"Supply Chain Expertise\",\"publisher\":{\"@id\":\"https:\/\/flowfast.nl\/#organization\"},\"potentialAction\":[{\"@type\":\"SearchAction\",\"target\":{\"@type\":\"EntryPoint\",\"urlTemplate\":\"https:\/\/flowfast.nl\/?s={search_term_string}\"},\"query-input\":{\"@type\":\"PropertyValueSpecification\",\"valueRequired\":true,\"valueName\":\"search_term_string\"}}],\"inLanguage\":\"en-US\"},{\"@type\":\"Organization\",\"@id\":\"https:\/\/flowfast.nl\/#organization\",\"name\":\"FlowFast\",\"url\":\"https:\/\/flowfast.nl\/\",\"logo\":{\"@type\":\"ImageObject\",\"inLanguage\":\"en-US\",\"@id\":\"https:\/\/flowfast.nl\/#\/schema\/logo\/image\/\",\"url\":\"https:\/\/flowfast.nl\/wp-content\/uploads\/2021\/11\/cropped-FlowFast-logo.png\",\"contentUrl\":\"https:\/\/flowfast.nl\/wp-content\/uploads\/2021\/11\/cropped-FlowFast-logo.png\",\"width\":950,\"height\":949,\"caption\":\"FlowFast\"},\"image\":{\"@id\":\"https:\/\/flowfast.nl\/#\/schema\/logo\/image\/\"},\"sameAs\":[\"https:\/\/www.linkedin.com\/company\/flowfast\/\"]}]}<\/script>\n<!-- \/ Yoast SEO plugin. -->","yoast_head_json":{"title":"Diensten - FlowFast","robots":{"index":"index","follow":"follow","max-snippet":"max-snippet:-1","max-image-preview":"max-image-preview:large","max-video-preview":"max-video-preview:-1"},"canonical":"https:\/\/flowfast.nl\/en\/diensten\/","og_locale":"en_US","og_type":"article","og_title":"Diensten - FlowFast","og_description":"Bedrijven groeien sneller dan hun processen meebewegen. Systemen raken vol, overlegmomenten stapelen zich op, en wat ooit soepel liep, begint te haperen. De operatie draait \u2014 maar het kost steeds meer energie. FlowFast helpt organisaties om die flow terug te brengen. Door structuur aan te brengen, inzicht te cre\u00ebren en teams weer in \u00e9\u00e9n ritme&hellip; Continue reading Diensten","og_url":"https:\/\/flowfast.nl\/en\/diensten\/","og_site_name":"FlowFast","article_modified_time":"2025-10-08T10:15:38+00:00","og_image":[{"width":1024,"height":1024,"url":"https:\/\/flowfast.nl\/wp-content\/uploads\/2025\/04\/cogs.png","type":"image\/png"}],"twitter_card":"summary_large_image","twitter_misc":{"Est. reading time":"1 minute"},"schema":{"@context":"https:\/\/schema.org","@graph":[{"@type":"WebPage","@id":"https:\/\/flowfast.nl\/diensten\/","url":"https:\/\/flowfast.nl\/diensten\/","name":"Diensten - FlowFast","isPartOf":{"@id":"https:\/\/flowfast.nl\/#website"},"primaryImageOfPage":{"@id":"https:\/\/flowfast.nl\/diensten\/#primaryimage"},"image":{"@id":"https:\/\/flowfast.nl\/diensten\/#primaryimage"},"thumbnailUrl":"http:\/\/flowfast.nl\/wp-content\/uploads\/2025\/04\/cogs.png","datePublished":"2025-10-08T10:14:49+00:00","dateModified":"2025-10-08T10:15:38+00:00","breadcrumb":{"@id":"https:\/\/flowfast.nl\/diensten\/#breadcrumb"},"inLanguage":"en-US","potentialAction":[{"@type":"ReadAction","target":["https:\/\/flowfast.nl\/diensten\/"]}]},{"@type":"ImageObject","inLanguage":"en-US","@id":"https:\/\/flowfast.nl\/diensten\/#primaryimage","url":"http:\/\/flowfast.nl\/wp-content\/uploads\/2025\/04\/cogs.png","contentUrl":"http:\/\/flowfast.nl\/wp-content\/uploads\/2025\/04\/cogs.png"},{"@type":"BreadcrumbList","@id":"https:\/\/flowfast.nl\/diensten\/#breadcrumb","itemListElement":[{"@type":"ListItem","position":1,"name":"Home","item":"https:\/\/flowfast.nl\/"},{"@type":"ListItem","position":2,"name":"Diensten"}]},{"@type":"WebSite","@id":"https:\/\/flowfast.nl\/#website","url":"https:\/\/flowfast.nl\/","name":"FlowFast Supply Chain - Advies en Projectmanagement","description":"Supply Chain Expertise","publisher":{"@id":"https:\/\/flowfast.nl\/#organization"},"potentialAction":[{"@type":"SearchAction","target":{"@type":"EntryPoint","urlTemplate":"https:\/\/flowfast.nl\/?s={search_term_string}"},"query-input":{"@type":"PropertyValueSpecification","valueRequired":true,"valueName":"search_term_string"}}],"inLanguage":"en-US"},{"@type":"Organization","@id":"https:\/\/flowfast.nl\/#organization","name":"FlowFast","url":"https:\/\/flowfast.nl\/","logo":{"@type":"ImageObject","inLanguage":"en-US","@id":"https:\/\/flowfast.nl\/#\/schema\/logo\/image\/","url":"https:\/\/flowfast.nl\/wp-content\/uploads\/2021\/11\/cropped-FlowFast-logo.png","contentUrl":"https:\/\/flowfast.nl\/wp-content\/uploads\/2021\/11\/cropped-FlowFast-logo.png","width":950,"height":949,"caption":"FlowFast"},"image":{"@id":"https:\/\/flowfast.nl\/#\/schema\/logo\/image\/"},"sameAs":["https:\/\/www.linkedin.com\/company\/flowfast\/"]}]}},"_links":{"self":[{"href":"https:\/\/flowfast.nl\/en\/wp-json\/wp\/v2\/pages\/403","targetHints":{"allow":["GET"]}}],"collection":[{"href":"https:\/\/flowfast.nl\/en\/wp-json\/wp\/v2\/pages"}],"about":[{"href":"https:\/\/flowfast.nl\/en\/wp-json\/wp\/v2\/types\/page"}],"author":[{"embeddable":true,"href":"https:\/\/flowfast.nl\/en\/wp-json\/wp\/v2\/users\/2"}],"replies":[{"embeddable":true,"href":"https:\/\/flowfast.nl\/en\/wp-json\/wp\/v2\/comments?post=403"}],"version-history":[{"count":2,"href":"https:\/\/flowfast.nl\/en\/wp-json\/wp\/v2\/pages\/403\/revisions"}],"predecessor-version":[{"id":405,"href":"https:\/\/flowfast.nl\/en\/wp-json\/wp\/v2\/pages\/403\/revisions\/405"}],"wp:attachment":[{"href":"https:\/\/flowfast.nl\/en\/wp-json\/wp\/v2\/media?parent=403"}],"curies":[{"name":"wp","href":"https:\/\/api.w.org\/{rel}","templated":true}]}}