{"id":505,"date":"2026-03-05T13:08:05","date_gmt":"2026-03-05T12:08:05","guid":{"rendered":"https:\/\/flowfast.nl\/?page_id=505"},"modified":"2026-03-05T14:02:22","modified_gmt":"2026-03-05T13:02:22","slug":"supply-chain-sop","status":"publish","type":"page","link":"https:\/\/flowfast.nl\/en\/supply-chain-sop\/","title":{"rendered":"Supply Chain &amp; S&amp;OP"},"content":{"rendered":"<h2 class=\"wp-block-heading\">Sales &amp; Operations Planning <\/h2>\n\n\n\n<p>Een goede supply chain begint met \u00e9\u00e9n simpel principe: vraag en aanbod in balans. Klinkt logisch, maar in de praktijk worstelen veel groeiende bedrijven met voorraadtekorten, overschotten en miscommunicatie tussen afdelingen. Hier biedt Sales &amp; Operations Planning (S&amp;OP) de oplossing.<\/p>\n\n\n\n<h2 class=\"wp-block-heading\">Demand\/Supply balancing <\/h2>\n\n\n\n<p>S&amp;OP is geen rapportageproces, maar een besluitvormingsproces. Het brengt Sales, Operations en Finance samen rond \u00e9\u00e9n crossfunctioneel plan. In plaats van dat elke afdeling zijn eigen waarheid heeft, ontstaat er transparantie en alignment.<\/p>\n\n\n\n<p>FlowFast helpt organisaties bij het opzetten van effectieve S&amp;OP-processen: van het structureren van meetings tot het defini\u00ebren van rollen en escalatiemechanismen. Het doel? Discussies die leiden tot beslissingen, geen eindeloze data-reviews.<\/p>\n\n\n\n<h2 class=\"wp-block-heading\">Voorraadoptimalisatie <\/h2>\n\n\n\n<p>Voorraad is werkkapitaal. Te veel bindt geld, te weinig frustreert klanten. Het vinden van de optimale voorraadniveaus vereist meer dan Excel-rekensommetjes. Het vraagt inzicht in je supply chain, je klantbehoeften en je risicotolerantie.<\/p>\n\n\n\n<p>Ik help bij het ontwerpen van voorraadstrategie\u00ebn die werken: van ABC-classificaties tot service level agreements, van safety stock berekeningen tot replenishment triggers. Altijd gebaseerd op data, maar vertaald naar werkbare business rules.<\/p>\n\n\n\n<h2 class=\"wp-block-heading\">Cross-functionele afstemming<\/h2>\n\n\n\n<p>Supply chain is een teamsport. Sales wil alles op voorraad, Finance wil lage kosten, Operations wil effici\u00ebntie. Zonder goede afstemming ontstaan suboptimalisaties en frustratie.<\/p>\n\n\n\n<p>Ik faciliteer het gesprek tussen afdelingen en zorg voor governance die werkt. Duidelijke rollen, gedeelde metrics en escalatieregels zorgen ervoor dat uitzonderingen worden opgepakt in plaats van weggemoffeld. Het resultaat: \u00e9\u00e9n team, \u00e9\u00e9n plan, \u00e9\u00e9n waarheid.<\/p>\n\n\n\n<p><\/p>","protected":false},"excerpt":{"rendered":"<p>Sales &amp; Operations Planning Een goede supply chain begint met \u00e9\u00e9n simpel principe: vraag en aanbod in balans. Klinkt logisch, maar in de praktijk worstelen veel groeiende bedrijven met voorraadtekorten, overschotten en miscommunicatie tussen afdelingen. Hier biedt Sales &amp; Operations Planning (S&amp;OP) de oplossing. Demand\/Supply balancing S&amp;OP is geen rapportageproces, maar een besluitvormingsproces. Het brengt&hellip; <a class=\"more-link\" href=\"https:\/\/flowfast.nl\/en\/supply-chain-sop\/\">Continue reading <span class=\"screen-reader-text\">Supply Chain &amp; S&amp;OP<\/span><\/a><\/p>","protected":false},"author":2,"featured_media":0,"parent":0,"menu_order":0,"comment_status":"closed","ping_status":"closed","template":"","meta":{"om_disable_all_campaigns":false,"_monsterinsights_skip_tracking":false,"_monsterinsights_sitenote_active":false,"_monsterinsights_sitenote_note":"","_monsterinsights_sitenote_category":0,"footnotes":""},"class_list":["post-505","page","type-page","status-publish","hentry","entry"],"yoast_head":"<!-- This site is optimized with the Yoast SEO plugin v26.9 - https:\/\/yoast.com\/product\/yoast-seo-wordpress\/ -->\n<title>Supply Chain &amp; S&amp;OP - FlowFast<\/title>\n<meta name=\"robots\" content=\"index, follow, max-snippet:-1, max-image-preview:large, max-video-preview:-1\" \/>\n<link rel=\"canonical\" href=\"https:\/\/flowfast.nl\/en\/supply-chain-sop\/\" \/>\n<meta property=\"og:locale\" content=\"en_US\" \/>\n<meta property=\"og:type\" content=\"article\" \/>\n<meta property=\"og:title\" content=\"Supply Chain &amp; S&amp;OP - FlowFast\" \/>\n<meta property=\"og:description\" content=\"Sales &amp; Operations Planning Een goede supply chain begint met \u00e9\u00e9n simpel principe: vraag en aanbod in balans. Klinkt logisch, maar in de praktijk worstelen veel groeiende bedrijven met voorraadtekorten, overschotten en miscommunicatie tussen afdelingen. Hier biedt Sales &amp; Operations Planning (S&amp;OP) de oplossing. Demand\/Supply balancing S&amp;OP is geen rapportageproces, maar een besluitvormingsproces. Het brengt&hellip; Continue reading Supply Chain &amp; S&amp;OP\" \/>\n<meta property=\"og:url\" content=\"https:\/\/flowfast.nl\/en\/supply-chain-sop\/\" \/>\n<meta property=\"og:site_name\" content=\"FlowFast\" \/>\n<meta property=\"article:modified_time\" content=\"2026-03-05T13:02:22+00:00\" \/>\n<meta name=\"twitter:card\" content=\"summary_large_image\" \/>\n<meta name=\"twitter:label1\" content=\"Est. reading time\" \/>\n\t<meta name=\"twitter:data1\" content=\"2 minutes\" \/>\n<script type=\"application\/ld+json\" class=\"yoast-schema-graph\">{\"@context\":\"https:\/\/schema.org\",\"@graph\":[{\"@type\":\"WebPage\",\"@id\":\"https:\/\/flowfast.nl\/supply-chain-sop\/\",\"url\":\"https:\/\/flowfast.nl\/supply-chain-sop\/\",\"name\":\"Supply Chain &amp; S&amp;OP - FlowFast\",\"isPartOf\":{\"@id\":\"https:\/\/flowfast.nl\/#website\"},\"datePublished\":\"2026-03-05T12:08:05+00:00\",\"dateModified\":\"2026-03-05T13:02:22+00:00\",\"breadcrumb\":{\"@id\":\"https:\/\/flowfast.nl\/supply-chain-sop\/#breadcrumb\"},\"inLanguage\":\"en-US\",\"potentialAction\":[{\"@type\":\"ReadAction\",\"target\":[\"https:\/\/flowfast.nl\/supply-chain-sop\/\"]}]},{\"@type\":\"BreadcrumbList\",\"@id\":\"https:\/\/flowfast.nl\/supply-chain-sop\/#breadcrumb\",\"itemListElement\":[{\"@type\":\"ListItem\",\"position\":1,\"name\":\"Home\",\"item\":\"https:\/\/flowfast.nl\/\"},{\"@type\":\"ListItem\",\"position\":2,\"name\":\"Supply Chain &amp; S&amp;OP\"}]},{\"@type\":\"WebSite\",\"@id\":\"https:\/\/flowfast.nl\/#website\",\"url\":\"https:\/\/flowfast.nl\/\",\"name\":\"FlowFast Supply Chain - Advies en Projectmanagement\",\"description\":\"Supply Chain Expertise\",\"publisher\":{\"@id\":\"https:\/\/flowfast.nl\/#organization\"},\"potentialAction\":[{\"@type\":\"SearchAction\",\"target\":{\"@type\":\"EntryPoint\",\"urlTemplate\":\"https:\/\/flowfast.nl\/?s={search_term_string}\"},\"query-input\":{\"@type\":\"PropertyValueSpecification\",\"valueRequired\":true,\"valueName\":\"search_term_string\"}}],\"inLanguage\":\"en-US\"},{\"@type\":\"Organization\",\"@id\":\"https:\/\/flowfast.nl\/#organization\",\"name\":\"FlowFast\",\"url\":\"https:\/\/flowfast.nl\/\",\"logo\":{\"@type\":\"ImageObject\",\"inLanguage\":\"en-US\",\"@id\":\"https:\/\/flowfast.nl\/#\/schema\/logo\/image\/\",\"url\":\"https:\/\/flowfast.nl\/wp-content\/uploads\/2021\/11\/cropped-FlowFast-logo.png\",\"contentUrl\":\"https:\/\/flowfast.nl\/wp-content\/uploads\/2021\/11\/cropped-FlowFast-logo.png\",\"width\":950,\"height\":949,\"caption\":\"FlowFast\"},\"image\":{\"@id\":\"https:\/\/flowfast.nl\/#\/schema\/logo\/image\/\"},\"sameAs\":[\"https:\/\/www.linkedin.com\/company\/flowfast\/\"]}]}<\/script>\n<!-- \/ Yoast SEO plugin. -->","yoast_head_json":{"title":"Supply Chain &amp; S&amp;OP - FlowFast","robots":{"index":"index","follow":"follow","max-snippet":"max-snippet:-1","max-image-preview":"max-image-preview:large","max-video-preview":"max-video-preview:-1"},"canonical":"https:\/\/flowfast.nl\/en\/supply-chain-sop\/","og_locale":"en_US","og_type":"article","og_title":"Supply Chain &amp; S&amp;OP - FlowFast","og_description":"Sales &amp; Operations Planning Een goede supply chain begint met \u00e9\u00e9n simpel principe: vraag en aanbod in balans. Klinkt logisch, maar in de praktijk worstelen veel groeiende bedrijven met voorraadtekorten, overschotten en miscommunicatie tussen afdelingen. Hier biedt Sales &amp; Operations Planning (S&amp;OP) de oplossing. Demand\/Supply balancing S&amp;OP is geen rapportageproces, maar een besluitvormingsproces. Het brengt&hellip; Continue reading Supply Chain &amp; S&amp;OP","og_url":"https:\/\/flowfast.nl\/en\/supply-chain-sop\/","og_site_name":"FlowFast","article_modified_time":"2026-03-05T13:02:22+00:00","twitter_card":"summary_large_image","twitter_misc":{"Est. reading time":"2 minutes"},"schema":{"@context":"https:\/\/schema.org","@graph":[{"@type":"WebPage","@id":"https:\/\/flowfast.nl\/supply-chain-sop\/","url":"https:\/\/flowfast.nl\/supply-chain-sop\/","name":"Supply Chain &amp; S&amp;OP - FlowFast","isPartOf":{"@id":"https:\/\/flowfast.nl\/#website"},"datePublished":"2026-03-05T12:08:05+00:00","dateModified":"2026-03-05T13:02:22+00:00","breadcrumb":{"@id":"https:\/\/flowfast.nl\/supply-chain-sop\/#breadcrumb"},"inLanguage":"en-US","potentialAction":[{"@type":"ReadAction","target":["https:\/\/flowfast.nl\/supply-chain-sop\/"]}]},{"@type":"BreadcrumbList","@id":"https:\/\/flowfast.nl\/supply-chain-sop\/#breadcrumb","itemListElement":[{"@type":"ListItem","position":1,"name":"Home","item":"https:\/\/flowfast.nl\/"},{"@type":"ListItem","position":2,"name":"Supply Chain &amp; S&amp;OP"}]},{"@type":"WebSite","@id":"https:\/\/flowfast.nl\/#website","url":"https:\/\/flowfast.nl\/","name":"FlowFast Supply Chain - Advies en Projectmanagement","description":"Supply Chain Expertise","publisher":{"@id":"https:\/\/flowfast.nl\/#organization"},"potentialAction":[{"@type":"SearchAction","target":{"@type":"EntryPoint","urlTemplate":"https:\/\/flowfast.nl\/?s={search_term_string}"},"query-input":{"@type":"PropertyValueSpecification","valueRequired":true,"valueName":"search_term_string"}}],"inLanguage":"en-US"},{"@type":"Organization","@id":"https:\/\/flowfast.nl\/#organization","name":"FlowFast","url":"https:\/\/flowfast.nl\/","logo":{"@type":"ImageObject","inLanguage":"en-US","@id":"https:\/\/flowfast.nl\/#\/schema\/logo\/image\/","url":"https:\/\/flowfast.nl\/wp-content\/uploads\/2021\/11\/cropped-FlowFast-logo.png","contentUrl":"https:\/\/flowfast.nl\/wp-content\/uploads\/2021\/11\/cropped-FlowFast-logo.png","width":950,"height":949,"caption":"FlowFast"},"image":{"@id":"https:\/\/flowfast.nl\/#\/schema\/logo\/image\/"},"sameAs":["https:\/\/www.linkedin.com\/company\/flowfast\/"]}]}},"_links":{"self":[{"href":"https:\/\/flowfast.nl\/en\/wp-json\/wp\/v2\/pages\/505","targetHints":{"allow":["GET"]}}],"collection":[{"href":"https:\/\/flowfast.nl\/en\/wp-json\/wp\/v2\/pages"}],"about":[{"href":"https:\/\/flowfast.nl\/en\/wp-json\/wp\/v2\/types\/page"}],"author":[{"embeddable":true,"href":"https:\/\/flowfast.nl\/en\/wp-json\/wp\/v2\/users\/2"}],"replies":[{"embeddable":true,"href":"https:\/\/flowfast.nl\/en\/wp-json\/wp\/v2\/comments?post=505"}],"version-history":[{"count":3,"href":"https:\/\/flowfast.nl\/en\/wp-json\/wp\/v2\/pages\/505\/revisions"}],"predecessor-version":[{"id":524,"href":"https:\/\/flowfast.nl\/en\/wp-json\/wp\/v2\/pages\/505\/revisions\/524"}],"wp:attachment":[{"href":"https:\/\/flowfast.nl\/en\/wp-json\/wp\/v2\/media?parent=505"}],"curies":[{"name":"wp","href":"https:\/\/api.w.org\/{rel}","templated":true}]}}